{"id":10,"date":"2024-10-23T09:14:03","date_gmt":"2024-10-23T07:14:03","guid":{"rendered":"http:\/\/nomadetrott.fr\/wp_trott\/?page_id=10"},"modified":"2024-11-29T08:03:05","modified_gmt":"2024-11-29T07:03:05","slug":"le-sur-mesure","status":"publish","type":"page","link":"https:\/\/nomadetrott.fr\/wp_trott\/index.php\/le-sur-mesure\/","title":{"rendered":"LE SUR-MESURE"},"content":{"rendered":"\n<div class=\"wp-block-group alignwide has-global-padding is-layout-constrained wp-block-group-is-layout-constrained\">\n<h2 class=\"wp-block-heading has-base-2-color has-accent-4-background-color has-text-color has-background has-link-color wp-elements-81caa222f06f3f13be3610d8664f9970\">POUR DES \u00c9V\u00c9NEMENTS ORIGINAUX<\/h2>\n<\/div>\n\n\n\n<p class=\"has-accent-4-background-color has-background\">Entreprises, vous souhaitez proposer \u00e0 vos clients une activit\u00e9 qui sort de l&rsquo;ordinaire ? Motiver vos salari\u00e9s ? <br><br>En famille, vous vous demandez comment surprendre vos proches autour d&rsquo;un moment atypique ? <br><br>Entre amis, vous voulez marquer le coup pour un anniversaire, une EVJF\/EVJG, un cadeau original ou tout autre \u00e9v\u00e9nement \u00e0 f\u00eater comme il se doit ?<br>&#8230;<\/p>\n\n\n\n<div class=\"wp-block-group has-global-padding is-layout-constrained wp-container-core-group-is-layout-12243e0f wp-block-group-is-layout-constrained\">\n<iframe loading=\"lazy\" src=\"https:\/\/www.facebook.com\/plugins\/post.php?href=https%3A%2F%2Fwww.facebook.com%2Fpermalink.php%3Fstory_fbid%3Dpfbid0ne4UfdT9B3F7WJbqRrDQs2h6gSmEt2fa893HRr1qZCA85JNbX1T7ZJjf4PkveVRAl%26id%3D100083042513491&#038;show_text=true&#038;width=500\" width=\"600\" height=\"600\" style=\"border:none;overflow:hidden\" scrolling=\"no\" frameborder=\"0\" allowfullscreen=\"true\" allow=\"autoplay; clipboard-write; encrypted-media; picture-in-picture; web-share\"><\/iframe>\n<\/div>\n\n\n\n<p class=\"has-text-align-center has-base-2-color has-accent-4-background-color has-text-color has-background has-link-color has-large-font-size wp-elements-b0fcdde62b4acd5cbecfbe93dc0fc983\">NOMAD&rsquo;eTROTT S&rsquo;ADAPTE \u00c0 VOS ENVIES !<\/p>\n\n\n\n<div class=\"wp-block-buttons is-content-justification-center is-layout-flex wp-container-core-buttons-is-layout-a89b3969 wp-block-buttons-is-layout-flex\">\n<div class=\"wp-block-button has-custom-width wp-block-button__width-75 has-custom-font-size has-large-font-size\"><a class=\"wp-block-button__link has-base-2-color has-accent-3-background-color has-text-color has-background has-link-color has-text-align-center wp-element-button\" href=\"https:\/\/nomadetrott.fr\/wp_trott\/index.php\/contact-2\/\">Contactez-nous<\/a><\/div>\n<\/div>\n\n\n\n<p>\/<\/p>\n","protected":false},"excerpt":{"rendered":"<p>POUR DES \u00c9V\u00c9NEMENTS ORIGINAUX Entreprises, vous souhaitez proposer \u00e0 vos clients une activit\u00e9 qui sort de l&rsquo;ordinaire ? Motiver vos salari\u00e9s ? En famille, vous vous demandez comment surprendre vos proches autour d&rsquo;un moment atypique ? Entre amis, vous voulez marquer le coup pour un anniversaire, une EVJF\/EVJG, un cadeau original ou tout autre \u00e9v\u00e9nement [&hellip;]<\/p>\n","protected":false},"author":1,"featured_media":0,"parent":0,"menu_order":0,"comment_status":"closed","ping_status":"closed","template":"","meta":{"footnotes":""},"class_list":["post-10","page","type-page","status-publish","hentry"],"_links":{"self":[{"href":"https:\/\/nomadetrott.fr\/wp_trott\/index.php\/wp-json\/wp\/v2\/pages\/10","targetHints":{"allow":["GET"]}}],"collection":[{"href":"https:\/\/nomadetrott.fr\/wp_trott\/index.php\/wp-json\/wp\/v2\/pages"}],"about":[{"href":"https:\/\/nomadetrott.fr\/wp_trott\/index.php\/wp-json\/wp\/v2\/types\/page"}],"author":[{"embeddable":true,"href":"https:\/\/nomadetrott.fr\/wp_trott\/index.php\/wp-json\/wp\/v2\/users\/1"}],"replies":[{"embeddable":true,"href":"https:\/\/nomadetrott.fr\/wp_trott\/index.php\/wp-json\/wp\/v2\/comments?post=10"}],"version-history":[{"count":47,"href":"https:\/\/nomadetrott.fr\/wp_trott\/index.php\/wp-json\/wp\/v2\/pages\/10\/revisions"}],"predecessor-version":[{"id":725,"href":"https:\/\/nomadetrott.fr\/wp_trott\/index.php\/wp-json\/wp\/v2\/pages\/10\/revisions\/725"}],"wp:attachment":[{"href":"https:\/\/nomadetrott.fr\/wp_trott\/index.php\/wp-json\/wp\/v2\/media?parent=10"}],"curies":[{"name":"wp","href":"https:\/\/api.w.org\/{rel}","templated":true}]}}