{"id":126,"date":"2024-10-29T10:22:40","date_gmt":"2024-10-29T09:22:40","guid":{"rendered":"http:\/\/nomadetrott.fr\/wp_trott\/?page_id=126"},"modified":"2024-11-29T08:00:51","modified_gmt":"2024-11-29T07:00:51","slug":"les-balades-2","status":"publish","type":"page","link":"https:\/\/nomadetrott.fr\/wp_trott\/index.php\/les-balades-2\/","title":{"rendered":"LES BALADES !"},"content":{"rendered":"\n<h2 class=\"wp-block-heading has-base-2-color has-accent-4-background-color has-text-color has-background has-link-color is-style-default wp-elements-4684b3c122aa814d312760bbe8f6c014\">ENTRE VIGNES, SENTIERS ET BORD DU CANAL DU MIDI&#8230;<\/h2>\n\n\n\n<h2 class=\"wp-block-heading has-custom-color-1-color has-accent-4-background-color has-text-color has-background\">LA BALADE D\u00c9COUVERTE<\/h2>\n\n\n\n<figure class=\"wp-block-table\"><table class=\"has-base-2-color has-accent-4-background-color has-text-color has-background has-link-color has-fixed-layout\"><tbody><tr><td class=\"has-text-align-center\" data-align=\"center\">1 heure &#8211; Tout niveau<\/td><td class=\"has-text-align-center\" data-align=\"center\">TARIFS<\/td><\/tr><tr><td class=\"has-text-align-center\" data-align=\"center\">Une balade familiale, en bordure de rivi\u00e8res, de ruisseaux et de lacs, sur un chemin plat sans difficult\u00e9. <br>Apr\u00e8s une prise en main, nous partirons \u00e0 la rencontre de ces lieux qui nous r\u00e9servent souvent quelques surprises&#8230;<\/td><td class=\"has-text-align-center\" data-align=\"center\"><img loading=\"lazy\" decoding=\"async\" width=\"250\" height=\"250\" class=\"wp-image-597\" style=\"width: 250px;\" src=\"https:\/\/nomadetrott.fr\/wp_trott\/wp-content\/uploads\/2024\/11\/balades_tarif.jpg\" alt=\"\" srcset=\"https:\/\/nomadetrott.fr\/wp_trott\/wp-content\/uploads\/2024\/11\/balades_tarif.jpg 300w, https:\/\/nomadetrott.fr\/wp_trott\/wp-content\/uploads\/2024\/11\/balades_tarif-150x150.jpg 150w\" sizes=\"auto, (max-width: 250px) 100vw, 250px\" \/><br><img loading=\"lazy\" decoding=\"async\" width=\"250\" height=\"249\" class=\"wp-image-124\" style=\"width: 250px;\" src=\"https:\/\/nomadetrott.fr\/wp_trott\/wp-content\/uploads\/2024\/10\/tarifs_base.jpg\" alt=\"\" srcset=\"https:\/\/nomadetrott.fr\/wp_trott\/wp-content\/uploads\/2024\/10\/tarifs_base.jpg 301w, https:\/\/nomadetrott.fr\/wp_trott\/wp-content\/uploads\/2024\/10\/tarifs_base-150x150.jpg 150w\" sizes=\"auto, (max-width: 250px) 100vw, 250px\" \/><\/td><\/tr><\/tbody><\/table><\/figure>\n\n\n\n<p><\/p>\n\n\n\n<h2 class=\"wp-block-heading has-custom-color-1-color has-accent-4-background-color has-text-color has-background has-link-color wp-elements-8d3d978dc1f1e6ab90943747e3f01eef\">LA BALADE D\u00c9GUSTATION<\/h2>\n\n\n\n<figure class=\"wp-block-table has-medium-font-size\"><table class=\"has-base-2-color has-accent-4-background-color has-text-color has-background has-link-color has-fixed-layout\"><tbody><tr><td class=\"has-text-align-center\" data-align=\"center\">1 h 30 &#8211; Tout niveau<\/td><td class=\"has-text-align-center\" data-align=\"center\">TARIFS (Hors d\u00e9gustation)<\/td><\/tr><tr><td class=\"has-text-align-center\" data-align=\"center\">\u00c0 la d\u00e9couverte d&rsquo;un de nos producteurs \u00e0 travers bois et sentiers, vous d\u00e9gusterez les bons produits de notre terroir. <br>Miel, vins, fromages, chocolat&#8230;<br>Il y en a pour tous les go\u00fbts !<\/td><td class=\"has-text-align-center\" data-align=\"center\"><img loading=\"lazy\" decoding=\"async\" width=\"250\" height=\"250\" class=\"wp-image-601\" style=\"width: 250px;\" src=\"https:\/\/nomadetrott.fr\/wp_trott\/wp-content\/uploads\/2024\/11\/degustation_tarif.jpg\" alt=\"\" srcset=\"https:\/\/nomadetrott.fr\/wp_trott\/wp-content\/uploads\/2024\/11\/degustation_tarif.jpg 1080w, https:\/\/nomadetrott.fr\/wp_trott\/wp-content\/uploads\/2024\/11\/degustation_tarif-300x300.jpg 300w, https:\/\/nomadetrott.fr\/wp_trott\/wp-content\/uploads\/2024\/11\/degustation_tarif-1024x1024.jpg 1024w, https:\/\/nomadetrott.fr\/wp_trott\/wp-content\/uploads\/2024\/11\/degustation_tarif-150x150.jpg 150w, https:\/\/nomadetrott.fr\/wp_trott\/wp-content\/uploads\/2024\/11\/degustation_tarif-768x768.jpg 768w\" sizes=\"auto, (max-width: 250px) 100vw, 250px\" \/><br><img loading=\"lazy\" decoding=\"async\" width=\"250\" height=\"247\" class=\"wp-image-123\" style=\"width: 250px;\" src=\"https:\/\/nomadetrott.fr\/wp_trott\/wp-content\/uploads\/2024\/10\/tarifs_degustation.jpg\" alt=\"\" srcset=\"https:\/\/nomadetrott.fr\/wp_trott\/wp-content\/uploads\/2024\/10\/tarifs_degustation.jpg 305w, https:\/\/nomadetrott.fr\/wp_trott\/wp-content\/uploads\/2024\/10\/tarifs_degustation-300x296.jpg 300w\" sizes=\"auto, (max-width: 250px) 100vw, 250px\" \/><\/td><\/tr><\/tbody><\/table><\/figure>\n\n\n\n<p><\/p>\n\n\n\n<h2 class=\"wp-block-heading has-custom-color-1-color has-accent-4-background-color has-text-color has-background has-link-color wp-elements-90c1a3fb5f7e5d4a6a95bba6bbd8a260\">LA BALADE GOURMANDE<\/h2>\n\n\n\n<figure class=\"wp-block-table\"><table class=\"has-base-2-color has-accent-4-background-color has-text-color has-background has-link-color has-fixed-layout\"><tbody><tr><td>1 h 30 &#8211; Tout niveau<\/td><td class=\"has-text-align-center\" data-align=\"center\">TARIFS (Hors repas)<\/td><\/tr><tr><td>Une visite agr\u00e9able au fil de l&rsquo;eau, passant de chemins en sous bois, en direction d&rsquo;une de nos tables gourmandes o\u00f9 vous pourrez d\u00e9guster de bons petits mets&#8230;<\/td><td class=\"has-text-align-center\" data-align=\"center\"><br><img loading=\"lazy\" decoding=\"async\" width=\"250\" height=\"250\" class=\"wp-image-538\" style=\"width: 250px;\" src=\"https:\/\/nomadetrott.fr\/wp_trott\/wp-content\/uploads\/2024\/11\/293172338_136371252411479_7808549348516813532_n.jpg\" alt=\"\" srcset=\"https:\/\/nomadetrott.fr\/wp_trott\/wp-content\/uploads\/2024\/11\/293172338_136371252411479_7808549348516813532_n.jpg 1080w, https:\/\/nomadetrott.fr\/wp_trott\/wp-content\/uploads\/2024\/11\/293172338_136371252411479_7808549348516813532_n-300x300.jpg 300w, https:\/\/nomadetrott.fr\/wp_trott\/wp-content\/uploads\/2024\/11\/293172338_136371252411479_7808549348516813532_n-1024x1024.jpg 1024w, https:\/\/nomadetrott.fr\/wp_trott\/wp-content\/uploads\/2024\/11\/293172338_136371252411479_7808549348516813532_n-150x150.jpg 150w, https:\/\/nomadetrott.fr\/wp_trott\/wp-content\/uploads\/2024\/11\/293172338_136371252411479_7808549348516813532_n-768x768.jpg 768w\" sizes=\"auto, (max-width: 250px) 100vw, 250px\" \/><br><img loading=\"lazy\" decoding=\"async\" width=\"250\" height=\"250\" class=\"wp-image-125\" style=\"width: 250px;\" src=\"https:\/\/nomadetrott.fr\/wp_trott\/wp-content\/uploads\/2024\/10\/tarifs_repas.jpg\" alt=\"\" srcset=\"https:\/\/nomadetrott.fr\/wp_trott\/wp-content\/uploads\/2024\/10\/tarifs_repas.jpg 300w, https:\/\/nomadetrott.fr\/wp_trott\/wp-content\/uploads\/2024\/10\/tarifs_repas-150x150.jpg 150w\" sizes=\"auto, (max-width: 250px) 100vw, 250px\" \/> <\/td><\/tr><\/tbody><\/table><\/figure>\n\n\n\n<div class=\"wp-block-buttons alignwide is-content-justification-center is-layout-flex wp-container-core-buttons-is-layout-a89b3969 wp-block-buttons-is-layout-flex\">\n<div class=\"wp-block-button has-custom-font-size has-medium-font-size\"><a class=\"wp-block-button__link has-base-2-color has-accent-3-background-color has-text-color has-background has-link-color wp-element-button\" href=\"https:\/\/nomadetrott.fr\/wp_trott\/index.php\/la-securite\/\">LES BONNES CONDITIONS POUR PARTIR EN BALADE<\/a><\/div>\n<\/div>\n\n\n\n<p><\/p>\n","protected":false},"excerpt":{"rendered":"<p>ENTRE VIGNES, SENTIERS ET BORD DU CANAL DU MIDI&#8230; LA BALADE D\u00c9COUVERTE 1 heure &#8211; Tout niveau TARIFS Une balade familiale, en bordure de rivi\u00e8res, de ruisseaux et de lacs, sur un chemin plat sans difficult\u00e9. Apr\u00e8s une prise en main, nous partirons \u00e0 la rencontre de ces lieux qui nous r\u00e9servent souvent quelques surprises&#8230; [&hellip;]<\/p>\n","protected":false},"author":1,"featured_media":168,"parent":0,"menu_order":0,"comment_status":"closed","ping_status":"closed","template":"wp-custom-template-banniere-nomad","meta":{"footnotes":""},"class_list":["post-126","page","type-page","status-publish","has-post-thumbnail","hentry"],"_links":{"self":[{"href":"https:\/\/nomadetrott.fr\/wp_trott\/index.php\/wp-json\/wp\/v2\/pages\/126","targetHints":{"allow":["GET"]}}],"collection":[{"href":"https:\/\/nomadetrott.fr\/wp_trott\/index.php\/wp-json\/wp\/v2\/pages"}],"about":[{"href":"https:\/\/nomadetrott.fr\/wp_trott\/index.php\/wp-json\/wp\/v2\/types\/page"}],"author":[{"embeddable":true,"href":"https:\/\/nomadetrott.fr\/wp_trott\/index.php\/wp-json\/wp\/v2\/users\/1"}],"replies":[{"embeddable":true,"href":"https:\/\/nomadetrott.fr\/wp_trott\/index.php\/wp-json\/wp\/v2\/comments?post=126"}],"version-history":[{"count":57,"href":"https:\/\/nomadetrott.fr\/wp_trott\/index.php\/wp-json\/wp\/v2\/pages\/126\/revisions"}],"predecessor-version":[{"id":723,"href":"https:\/\/nomadetrott.fr\/wp_trott\/index.php\/wp-json\/wp\/v2\/pages\/126\/revisions\/723"}],"wp:featuredmedia":[{"embeddable":true,"href":"https:\/\/nomadetrott.fr\/wp_trott\/index.php\/wp-json\/wp\/v2\/media\/168"}],"wp:attachment":[{"href":"https:\/\/nomadetrott.fr\/wp_trott\/index.php\/wp-json\/wp\/v2\/media?parent=126"}],"curies":[{"name":"wp","href":"https:\/\/api.w.org\/{rel}","templated":true}]}}