{"id":313,"date":"2024-11-12T07:56:05","date_gmt":"2024-11-12T06:56:05","guid":{"rendered":"http:\/\/nomadetrott.fr\/wp_trott\/?page_id=313"},"modified":"2024-11-29T18:33:55","modified_gmt":"2024-11-29T17:33:55","slug":"contact-2","status":"publish","type":"page","link":"https:\/\/nomadetrott.fr\/wp_trott\/index.php\/contact-2\/","title":{"rendered":"CONTACT"},"content":{"rendered":"\n<div class=\"wp-block-group has-custom-color-1-color has-accent-4-background-color has-text-color has-background has-link-color has-small-font-size wp-elements-e13c4c387179796bd8b25cef7cc923fe is-nowrap is-layout-flex wp-container-core-group-is-layout-b08b0e5f wp-block-group-is-layout-flex\" style=\"margin-top:0;margin-bottom:0;padding-top:var(--wp--preset--spacing--10);padding-right:var(--wp--preset--spacing--10);padding-bottom:var(--wp--preset--spacing--10);padding-left:var(--wp--preset--spacing--10)\">\n<div class=\"wpcf7 no-js\" id=\"wpcf7-f457-o1\" lang=\"fr-FR\" dir=\"ltr\" data-wpcf7-id=\"457\">\n<div class=\"screen-reader-response\"><p role=\"status\" aria-live=\"polite\" aria-atomic=\"true\"><\/p> <ul><\/ul><\/div>\n<form action=\"\/wp_trott\/index.php\/wp-json\/wp\/v2\/pages\/313#wpcf7-f457-o1\" method=\"post\" class=\"wpcf7-form init\" aria-label=\"Formulaire de contact\" novalidate=\"novalidate\" data-status=\"init\">\n<fieldset class=\"hidden-fields-container\"><input type=\"hidden\" name=\"_wpcf7\" value=\"457\" \/><input type=\"hidden\" name=\"_wpcf7_version\" value=\"6.1.5\" \/><input type=\"hidden\" name=\"_wpcf7_locale\" value=\"fr_FR\" \/><input type=\"hidden\" name=\"_wpcf7_unit_tag\" value=\"wpcf7-f457-o1\" \/><input type=\"hidden\" name=\"_wpcf7_container_post\" value=\"0\" \/><input type=\"hidden\" name=\"_wpcf7_posted_data_hash\" value=\"\" \/><input type=\"hidden\" name=\"_wpcf7_recaptcha_response\" value=\"\" \/>\n<\/fieldset>\n<p><label> Votre pr\u00e9nom et votre nom<br \/>\n<span class=\"wpcf7-form-control-wrap\" data-name=\"your-name\"><input size=\"40\" maxlength=\"400\" class=\"wpcf7-form-control wpcf7-text wpcf7-validates-as-required\" autocomplete=\"name\" aria-required=\"true\" aria-invalid=\"false\" value=\"\" type=\"text\" name=\"your-name\" \/><\/span> <\/label>\n<\/p>\n<p><label> Votre e-mail<br \/>\n<span class=\"wpcf7-form-control-wrap\" data-name=\"your-email\"><input size=\"40\" maxlength=\"400\" class=\"wpcf7-form-control wpcf7-email wpcf7-validates-as-required wpcf7-text wpcf7-validates-as-email\" autocomplete=\"email\" aria-required=\"true\" aria-invalid=\"false\" value=\"\" type=\"email\" name=\"your-email\" \/><\/span> <\/label>\n<\/p>\n<p><label> Votre t\u00e9l\u00e9phone<br \/>\n<span class=\"wpcf7-form-control-wrap\" data-name=\"your-tel\"><input size=\"40\" maxlength=\"400\" class=\"wpcf7-form-control wpcf7-tel wpcf7-text wpcf7-validates-as-tel\" aria-invalid=\"false\" value=\"\" type=\"tel\" name=\"your-tel\" \/><\/span> <\/label>\n<\/p>\n<p><label> Objet<br \/>\n<span class=\"wpcf7-form-control-wrap\" data-name=\"your-subject\"><input size=\"40\" maxlength=\"400\" class=\"wpcf7-form-control wpcf7-text wpcf7-validates-as-required\" aria-required=\"true\" aria-invalid=\"false\" value=\"\" type=\"text\" name=\"your-subject\" \/><\/span> <\/label>\n<\/p>\n<p><label> Votre message (facultatif)<br \/>\n<span class=\"wpcf7-form-control-wrap\" data-name=\"your-message\"><textarea cols=\"40\" rows=\"10\" maxlength=\"2000\" class=\"wpcf7-form-control wpcf7-textarea\" aria-invalid=\"false\" name=\"your-message\"><\/textarea><\/span> <\/label>\n<\/p>\n<p><label> Journ\u00e9e d\u00e9sir\u00e9e(facultatif)<br \/>\nle : <span class=\"wpcf7-form-control-wrap\" data-name=\"date-fixe\"><input class=\"wpcf7-form-control wpcf7-date wpcf7-validates-as-date\" min=\"2024-11-01\" aria-invalid=\"false\" value=\"\" type=\"date\" name=\"date-fixe\" \/><\/span><\/label>\n<\/p>\n<p><label> ou p\u00e9riode d\u00e9sir\u00e9e(facultatif)<br \/>\nentre le : <span class=\"wpcf7-form-control-wrap\" data-name=\"date-debut\"><input class=\"wpcf7-form-control wpcf7-date wpcf7-validates-as-date\" min=\"2024-11-01\" aria-invalid=\"false\" value=\"\" type=\"date\" name=\"date-debut\" \/><\/span> <\/label><label><br \/>\net le <span class=\"wpcf7-form-control-wrap\" data-name=\"date-fin\"><input class=\"wpcf7-form-control wpcf7-date wpcf7-validates-as-date\" min=\"2024-11-01\" aria-invalid=\"false\" value=\"\" type=\"date\" name=\"date-fin\" \/><\/span><\/label>\n<\/p>\n<p><input class=\"wpcf7-form-control wpcf7-submit has-spinner\" type=\"submit\" value=\"Envoyer\" \/>\n<\/p>\n<p>Note : les donn\u00e9es que vous envoyez ne seront jamais utilis\u00e9es \u00e0 d'autres fins.\n<\/p><p style=\"display: none !important;\" class=\"akismet-fields-container\" data-prefix=\"_wpcf7_ak_\"><label>&#916;<textarea name=\"_wpcf7_ak_hp_textarea\" cols=\"45\" rows=\"8\" maxlength=\"100\"><\/textarea><\/label><input type=\"hidden\" id=\"ak_js_1\" name=\"_wpcf7_ak_js\" value=\"57\"\/><script>document.getElementById( \"ak_js_1\" ).setAttribute( \"value\", ( new Date() ).getTime() );<\/script><\/p><div class=\"wpcf7-response-output\" aria-hidden=\"true\"><\/div>\n<\/form>\n<\/div>\n\n\n\n\n<div class=\"wp-block-group is-vertical is-layout-flex wp-container-core-group-is-layout-fe9cc265 wp-block-group-is-layout-flex\">\n<div class=\"wp-block-group is-vertical is-layout-flex wp-container-core-group-is-layout-fe9cc265 wp-block-group-is-layout-flex\">\n<div class=\"wp-block-group is-vertical is-layout-flex wp-container-core-group-is-layout-fe9cc265 wp-block-group-is-layout-flex\">\n<div class=\"wp-block-group is-vertical is-layout-flex wp-container-core-group-is-layout-fe9cc265 wp-block-group-is-layout-flex\">\n<div class=\"wp-block-group is-vertical is-layout-flex wp-container-core-group-is-layout-fe9cc265 wp-block-group-is-layout-flex\">\n<figure class=\"wp-block-image size-medium is-resized\"><img loading=\"lazy\" decoding=\"async\" width=\"300\" height=\"200\" src=\"https:\/\/nomadetrott.fr\/wp_trott\/wp-content\/uploads\/2024\/11\/vineyard-428041_1280-300x200.jpg\" alt=\"\" class=\"wp-image-584\" style=\"object-fit:cover;width:277px;height:130px\" srcset=\"https:\/\/nomadetrott.fr\/wp_trott\/wp-content\/uploads\/2024\/11\/vineyard-428041_1280-300x200.jpg 300w, https:\/\/nomadetrott.fr\/wp_trott\/wp-content\/uploads\/2024\/11\/vineyard-428041_1280-1024x683.jpg 1024w, https:\/\/nomadetrott.fr\/wp_trott\/wp-content\/uploads\/2024\/11\/vineyard-428041_1280-768x512.jpg 768w, https:\/\/nomadetrott.fr\/wp_trott\/wp-content\/uploads\/2024\/11\/vineyard-428041_1280.jpg 1280w\" sizes=\"auto, (max-width: 300px) 100vw, 300px\" \/><\/figure>\n\n\n\n<figure class=\"wp-block-image size-full is-resized\"><img loading=\"lazy\" decoding=\"async\" width=\"645\" height=\"430\" src=\"https:\/\/nomadetrott.fr\/wp_trott\/wp-content\/uploads\/2024\/11\/Randonnee-Ondes-Trottinette-electrique-Nomad-e-trott-Tourisme-Hauts-Tolosans-28-Copie.webp\" alt=\"\" class=\"wp-image-484\" style=\"object-fit:cover;width:277px;height:130px\" srcset=\"https:\/\/nomadetrott.fr\/wp_trott\/wp-content\/uploads\/2024\/11\/Randonnee-Ondes-Trottinette-electrique-Nomad-e-trott-Tourisme-Hauts-Tolosans-28-Copie.webp 645w, https:\/\/nomadetrott.fr\/wp_trott\/wp-content\/uploads\/2024\/11\/Randonnee-Ondes-Trottinette-electrique-Nomad-e-trott-Tourisme-Hauts-Tolosans-28-Copie-300x200.webp 300w\" sizes=\"auto, (max-width: 645px) 100vw, 645px\" \/><\/figure>\n<\/div>\n\n\n\n<figure class=\"wp-block-image size-full is-resized\"><img loading=\"lazy\" decoding=\"async\" width=\"300\" height=\"150\" src=\"https:\/\/nomadetrott.fr\/wp_trott\/wp-content\/uploads\/2024\/11\/1-300x150-1.jpeg\" alt=\"\" class=\"wp-image-466\" style=\"object-fit:cover;width:277px;height:130px\"\/><\/figure>\n<\/div>\n<\/div>\n\n\n\n<figure class=\"wp-block-image size-full is-resized\"><img loading=\"lazy\" decoding=\"async\" width=\"645\" height=\"430\" src=\"https:\/\/nomadetrott.fr\/wp_trott\/wp-content\/uploads\/2024\/11\/Randonnee-Ondes-Trottinette-electrique-Nomad-e-trott-Tourisme-Hauts-Tolosans-19-.webp\" alt=\"\" class=\"wp-image-483\" style=\"object-fit:cover;width:277px;height:130px\" srcset=\"https:\/\/nomadetrott.fr\/wp_trott\/wp-content\/uploads\/2024\/11\/Randonnee-Ondes-Trottinette-electrique-Nomad-e-trott-Tourisme-Hauts-Tolosans-19-.webp 645w, https:\/\/nomadetrott.fr\/wp_trott\/wp-content\/uploads\/2024\/11\/Randonnee-Ondes-Trottinette-electrique-Nomad-e-trott-Tourisme-Hauts-Tolosans-19--300x200.webp 300w\" sizes=\"auto, (max-width: 645px) 100vw, 645px\" \/><\/figure>\n<\/div>\n\n\n\n<figure class=\"wp-block-image size-large is-resized\"><img loading=\"lazy\" decoding=\"async\" width=\"1024\" height=\"768\" src=\"https:\/\/nomadetrott.fr\/wp_trott\/wp-content\/uploads\/2024\/11\/trott_frontonjpg-1024x768.jpg\" alt=\"\" class=\"wp-image-541\" style=\"object-fit:cover;width:277px;height:130px\" srcset=\"https:\/\/nomadetrott.fr\/wp_trott\/wp-content\/uploads\/2024\/11\/trott_frontonjpg-1024x768.jpg 1024w, https:\/\/nomadetrott.fr\/wp_trott\/wp-content\/uploads\/2024\/11\/trott_frontonjpg-300x225.jpg 300w, https:\/\/nomadetrott.fr\/wp_trott\/wp-content\/uploads\/2024\/11\/trott_frontonjpg-768x576.jpg 768w, https:\/\/nomadetrott.fr\/wp_trott\/wp-content\/uploads\/2024\/11\/trott_frontonjpg-1536x1152.jpg 1536w, https:\/\/nomadetrott.fr\/wp_trott\/wp-content\/uploads\/2024\/11\/trott_frontonjpg.jpg 1600w\" sizes=\"auto, (max-width: 1024px) 100vw, 1024px\" \/><\/figure>\n\n\n\n<figure class=\"wp-block-image size-large is-resized\"><img loading=\"lazy\" decoding=\"async\" width=\"1024\" height=\"576\" src=\"https:\/\/nomadetrott.fr\/wp_trott\/wp-content\/uploads\/2024\/11\/Design-sans-titre-1024x576.png\" alt=\"\" class=\"wp-image-583\" style=\"object-fit:cover;width:277px;height:130px\" srcset=\"https:\/\/nomadetrott.fr\/wp_trott\/wp-content\/uploads\/2024\/11\/Design-sans-titre-1024x576.png 1024w, https:\/\/nomadetrott.fr\/wp_trott\/wp-content\/uploads\/2024\/11\/Design-sans-titre-300x169.png 300w, https:\/\/nomadetrott.fr\/wp_trott\/wp-content\/uploads\/2024\/11\/Design-sans-titre-768x432.png 768w, https:\/\/nomadetrott.fr\/wp_trott\/wp-content\/uploads\/2024\/11\/Design-sans-titre.png 1280w\" sizes=\"auto, (max-width: 1024px) 100vw, 1024px\" \/><\/figure>\n<\/div>\n<\/div>\n\n\n\n<p class=\"has-text-align-center has-accent-4-background-color has-background\">Alain BEROS &#8211; Guide certifi\u00e9 &#8211; 06 23 81 47 49<br><\/p>\n","protected":false},"excerpt":{"rendered":"<p>Alain BEROS &#8211; Guide certifi\u00e9 &#8211; 06 23 81 47 49<\/p>\n","protected":false},"author":1,"featured_media":0,"parent":0,"menu_order":0,"comment_status":"closed","ping_status":"closed","template":"","meta":{"footnotes":""},"class_list":["post-313","page","type-page","status-publish","hentry"],"_links":{"self":[{"href":"https:\/\/nomadetrott.fr\/wp_trott\/index.php\/wp-json\/wp\/v2\/pages\/313","targetHints":{"allow":["GET"]}}],"collection":[{"href":"https:\/\/nomadetrott.fr\/wp_trott\/index.php\/wp-json\/wp\/v2\/pages"}],"about":[{"href":"https:\/\/nomadetrott.fr\/wp_trott\/index.php\/wp-json\/wp\/v2\/types\/page"}],"author":[{"embeddable":true,"href":"https:\/\/nomadetrott.fr\/wp_trott\/index.php\/wp-json\/wp\/v2\/users\/1"}],"replies":[{"embeddable":true,"href":"https:\/\/nomadetrott.fr\/wp_trott\/index.php\/wp-json\/wp\/v2\/comments?post=313"}],"version-history":[{"count":46,"href":"https:\/\/nomadetrott.fr\/wp_trott\/index.php\/wp-json\/wp\/v2\/pages\/313\/revisions"}],"predecessor-version":[{"id":731,"href":"https:\/\/nomadetrott.fr\/wp_trott\/index.php\/wp-json\/wp\/v2\/pages\/313\/revisions\/731"}],"wp:attachment":[{"href":"https:\/\/nomadetrott.fr\/wp_trott\/index.php\/wp-json\/wp\/v2\/media?parent=313"}],"curies":[{"name":"wp","href":"https:\/\/api.w.org\/{rel}","templated":true}]}}