{"id":324,"date":"2024-11-12T08:02:33","date_gmt":"2024-11-12T07:02:33","guid":{"rendered":"http:\/\/nomadetrott.fr\/wp_trott\/?page_id=324"},"modified":"2024-12-11T20:10:14","modified_gmt":"2024-12-11T19:10:14","slug":"la-securite","status":"publish","type":"page","link":"https:\/\/nomadetrott.fr\/wp_trott\/index.php\/la-securite\/","title":{"rendered":"LA S\u00c9CURIT\u00c9"},"content":{"rendered":"\n<p class=\"has-accent-4-background-color has-background\">Pour faire de la trottinette en toute s\u00e9curit\u00e9 :<\/p>\n\n\n\n<p class=\"has-accent-4-background-color has-background\">Avoir au moins 14 ans ( la carte d&rsquo;identit\u00e9 vous sera demand\u00e9e)<br>Les mineurs doivent \u00eatre accompagn\u00e9s d&rsquo;un adulte.<br>Peser moins de 100kg<br>Activit\u00e9 d\u00e9conseill\u00e9e aux personnes pr\u00e9sentant des fragilit\u00e9s au niveau du dos ou des os<br>Activit\u00e9 interdite aux femmes enceintes<br>Casque obligatoire (fourni sur place) et tenue r\u00e9glementaire oblig\u00e9e (chaussures ferm\u00e9es, t-shirt manches longues et pantalon)<br>Avant le d\u00e9part, une initiation test sera effectu\u00e9e pour partir en toute s\u00e9curit\u00e9. Nous nous r\u00e9servons cependant le droit de refuser toutes personnes n&rsquo;ayant pas la tenue recommand\u00e9e pour cette activit\u00e9 ou rencontrant une difficult\u00e9 particuli\u00e8re lors de l&rsquo;initiation.<\/p>\n\n\n\n<p class=\"has-accent-4-background-color has-background\">Prise en main des trottinettes avant le d\u00e9part<br><br><img loading=\"lazy\" decoding=\"async\" width=\"550\" height=\"413\" class=\"wp-image-541\" style=\"width: 550px;\" src=\"https:\/\/nomadetrott.fr\/wp_trott\/wp-content\/uploads\/2024\/11\/trott_frontonjpg.jpg\" alt=\"\" srcset=\"https:\/\/nomadetrott.fr\/wp_trott\/wp-content\/uploads\/2024\/11\/trott_frontonjpg.jpg 1600w, https:\/\/nomadetrott.fr\/wp_trott\/wp-content\/uploads\/2024\/11\/trott_frontonjpg-300x225.jpg 300w, https:\/\/nomadetrott.fr\/wp_trott\/wp-content\/uploads\/2024\/11\/trott_frontonjpg-1024x768.jpg 1024w, https:\/\/nomadetrott.fr\/wp_trott\/wp-content\/uploads\/2024\/11\/trott_frontonjpg-768x576.jpg 768w, https:\/\/nomadetrott.fr\/wp_trott\/wp-content\/uploads\/2024\/11\/trott_frontonjpg-1536x1152.jpg 1536w\" sizes=\"auto, (max-width: 550px) 100vw, 550px\" \/><\/p>\n","protected":false},"excerpt":{"rendered":"<p>Pour faire de la trottinette en toute s\u00e9curit\u00e9 : Avoir au moins 14 ans ( la carte d&rsquo;identit\u00e9 vous sera demand\u00e9e)Les mineurs doivent \u00eatre accompagn\u00e9s d&rsquo;un adulte.Peser moins de 100kgActivit\u00e9 d\u00e9conseill\u00e9e aux personnes pr\u00e9sentant des fragilit\u00e9s au niveau du dos ou des osActivit\u00e9 interdite aux femmes enceintesCasque obligatoire (fourni sur place) et tenue r\u00e9glementaire oblig\u00e9e [&hellip;]<\/p>\n","protected":false},"author":1,"featured_media":0,"parent":0,"menu_order":0,"comment_status":"closed","ping_status":"closed","template":"","meta":{"footnotes":""},"class_list":["post-324","page","type-page","status-publish","hentry"],"_links":{"self":[{"href":"https:\/\/nomadetrott.fr\/wp_trott\/index.php\/wp-json\/wp\/v2\/pages\/324","targetHints":{"allow":["GET"]}}],"collection":[{"href":"https:\/\/nomadetrott.fr\/wp_trott\/index.php\/wp-json\/wp\/v2\/pages"}],"about":[{"href":"https:\/\/nomadetrott.fr\/wp_trott\/index.php\/wp-json\/wp\/v2\/types\/page"}],"author":[{"embeddable":true,"href":"https:\/\/nomadetrott.fr\/wp_trott\/index.php\/wp-json\/wp\/v2\/users\/1"}],"replies":[{"embeddable":true,"href":"https:\/\/nomadetrott.fr\/wp_trott\/index.php\/wp-json\/wp\/v2\/comments?post=324"}],"version-history":[{"count":32,"href":"https:\/\/nomadetrott.fr\/wp_trott\/index.php\/wp-json\/wp\/v2\/pages\/324\/revisions"}],"predecessor-version":[{"id":738,"href":"https:\/\/nomadetrott.fr\/wp_trott\/index.php\/wp-json\/wp\/v2\/pages\/324\/revisions\/738"}],"wp:attachment":[{"href":"https:\/\/nomadetrott.fr\/wp_trott\/index.php\/wp-json\/wp\/v2\/media?parent=324"}],"curies":[{"name":"wp","href":"https:\/\/api.w.org\/{rel}","templated":true}]}}