{"id":52,"date":"2024-10-23T12:25:30","date_gmt":"2024-10-23T10:25:30","guid":{"rendered":"http:\/\/nomadetrott.fr\/wp_trott\/?page_id=52"},"modified":"2024-11-29T07:54:50","modified_gmt":"2024-11-29T06:54:50","slug":"conditions-generales-de-location","status":"publish","type":"page","link":"https:\/\/nomadetrott.fr\/wp_trott\/index.php\/conditions-generales-de-location\/","title":{"rendered":"CONDITIONS G\u00c9N\u00c9RALES DE LOCATION"},"content":{"rendered":"\n<div class=\"wp-block-group alignwide has-accent-4-background-color has-background has-global-padding is-layout-constrained wp-block-group-is-layout-constrained\">\n<p><strong>CONDITIONS G\u00c9N\u00c9RALES DE LOCATION de CONDITIONS G\u00c9N\u00c9RALES DE LOCATION DE TROTTINETTES \u00c9LECTRIQUES TOUT TERRAIN<\/strong><br><\/p>\n\n\n\n<p><strong>ARTICLE 1 &#8211; OBJET DU CONTRAT<\/strong><br>NOMAD e TROTT by DEFNET ci-apr\u00e8s d\u00e9nomm\u00e9 \u00ab le loueur\u00bb met \u00e0 disposition de sa client\u00e8le (ci-apr\u00e8s d\u00e9nomm\u00e9 \u00ab le locataire \u00bb) des trottinettes \u00e9lectriques tout-terrain et des \u00e9quipements associ\u00e9s (ci-apr\u00e8s d\u00e9nomm\u00e9 \u00ab mat\u00e9riel \u00bb] selon les conditions d\u00e9finies ci-apr\u00e8s.<br><\/p>\n\n\n\n<p><strong>ARTICLE 2 &#8211; MAT\u00c9RIEL<\/strong><br>Chaque trottinette \u00e9lectrique tout-terrain lou\u00e9e est \u00e9quip\u00e9e d&rsquo;un syst\u00e8me \u00e9lectrique (moteur, batterie,bourse console). En compl\u00e9ment de ces \u00e9l\u00e9ments propres \u00e0 la trottinette, le loueur fourni un casque, et un gilet de s\u00e9curit\u00e9. Le mat\u00e9riel fourni en bon \u00e9tat qui devra \u00eatre restitu\u00e9 dans l&rsquo;\u00e9tat de remise initiale. Le locataire se doit de v\u00e9rifier le mat\u00e9riel avant toute utilisation.<br><\/p>\n\n\n\n<p><strong>ARTICLE 3 &#8211; OBLIGATION DU LOCATAIRE<\/strong><br>Le contrat de location est conclu avec le Locataire en personne. Il n&rsquo;est par cons\u00e9quent. ni cessible, ni transmissible. Le locataire doit \u00eatre une personne physique de plus de 18 ans, reconnaissant \u00eatre apte \u00e0 la pratique de la trottinette et n&rsquo;avoir aucune contre-indication m\u00e9dicale. Les utilisateurs devront avoir minimum 12 ans. Tout mineur doit \u00eatre accompagn\u00e9 par une personne majeure responsable. Pour les mineurs, le tuteur l\u00e9gal s&rsquo;engage aux termes des pr\u00e9sentes conditions \u00e0 endosser toute responsabilit\u00e9 pour tout dommage caus\u00e9 directement ou indirectement par le mineur du fait de la location. Les trottinettes \u00e9tant plac\u00e9s sous la responsabilit\u00e9 du Locataire, il lui est recommand\u00e9 de proc\u00e9der, pr\u00e9alablement \u00e0 leur utilisation, \u00e0 une v\u00e9rification \u00e9l\u00e9mentaire de ses principaux \u00e9l\u00e9ments fonctionnels apparents, et notamment (liste non-limitative) : le bon fonctionnement des freins, le bon \u00e9tat g\u00e9n\u00e9ral du cadre et des pneumatiques. Le Locataire reconnait que la trottinette est lou\u00e9e en parfait \u00e9tat de marche et s&rsquo;engage \u00e0 l&rsquo;utiliser avec soin. En cas de d\u00e9faillance technique de la trottinette en cours de location, le Locataire ne pourra r\u00e9clamer aucun dommage et int\u00e9r\u00eat au loueur. En cas de n\u00e9cessit\u00e9 d&rsquo;une r\u00e9paration, le Locataire devra se pr\u00e9senter aupr\u00e8s du point de location. Il sera proc\u00e9der \u00e0 la r\u00e9paration ou \u00e0 l&rsquo;\u00e9change de la trottinette. Seul le loueur est apte \u00e0 juger si une r\u00e9paration rel\u00e8ve de l&rsquo;entretien d\u00fb \u00e0 l&rsquo;usure normale, \u00e0 un vice cach\u00e9 et par cons\u00e9quent \u00e0 la charge du loueur ou si la r\u00e9paration est due \u00e0 des dommages subis par le Mat\u00e9riel pendant la location, et par cons\u00e9quent \u00e0 la charge du Locataire et de lui faire supporter le montant correspondant Le loueur se r\u00e9serve la possibilit\u00e9, soit de pr\u00e9lever les sommes dues sur le d\u00e9p\u00f4t de garantie, soit de facturer le client au tarif affich\u00e9 sur le point de location.<br><\/p>\n\n\n\n<p><strong>ARTICLE 4 &#8211; CONDITIONS D&rsquo;UTILISATION<\/strong><br>Le locataire s&rsquo;engage \u00e0 utiliser lui-m\u00eame le mat\u00e9riel. Le pr\u00eat ou la sous-location du mat\u00e9riel est strictement interdit Le locataire est tenu personnellement responsable de toute infraction au Code de la route ainsi que des dommages corporels et mat\u00e9riels qu&rsquo;il cause \u00e0 l&rsquo;occasion de l&rsquo;utilisation du mat\u00e9riel lou\u00e9 dont il a la garde. Le port de casque par le Locataire est obligatoire. Le Locataire reconna\u00eet que le loueur lui a propos\u00e9 un casque en pr\u00eat. Le Locataire est inform\u00e9 \u00e0 son d\u00e9part quant \u00e0 l&rsquo;autonomie de la batterie. En cas d&rsquo;\u00e9puisement de la batterie, le loueur n&rsquo;est pas responsable. Les virages et descentes doivent \u00eatre n\u00e9goci\u00e9s avec la plus grande pr\u00e9caution et le locataire doit rester ma\u00eetre de sa vitesse \u00e0 tout moment.<br><\/p>\n\n\n\n<p><strong>ARTCILE 5 &#8211; PROPRI\u00c9T\u00c9<\/strong><br>Le mat\u00e9riel reste la propri\u00e9t\u00e9 exclusive du Loueur pendant la dur\u00e9e de la location. La location op\u00e8re le transfert de la garde juridique du Mat\u00e9riel et engage l&rsquo;assurance \u00ab responsabilit\u00e9 civile\u00bb du Locataire en cas de vol et pour l&rsquo;int\u00e9gralit\u00e9 des dommages qu&rsquo;il pourra causer \u00e0 l&rsquo;occasion de l&rsquo;utilisation et de la d\u00e9tention de celui-ci, et ce, jusqu&rsquo;\u00e0 la restitution du mat\u00e9riel au point de location.<br><\/p>\n\n\n\n<p><strong>ARTICLE 6 &#8211; PRISE D&rsquo;EFFET, MISE \u00c0 DISPOSITION ET R\u00c9CUP\u00c9RATION<\/strong><br>La location prend effet au moment o\u00f9 le locataire prend possession du mat\u00e9riel qui lui est livr\u00e9. Le pr\u00e9sent contrat n&rsquo;est en vigueur que pour la dur\u00e9e de la location. Si le locataire conserve le mat\u00e9riel au-del\u00e0 de cette p\u00e9riode sans avoir r\u00e9gularis\u00e9 sa situation, il perd le b\u00e9n\u00e9fice des garanties pr\u00e9vues au contrat. Le Locataire reconna\u00eet avoir re\u00e7u le mat\u00e9riel en bon \u00e9tat de fonctionnement avec l&rsquo;\u00e9quipement de base. Il d\u00e9clare avoir eu personnellement toute latitude pour v\u00e9rifier l&rsquo;\u00e9tat du mat\u00e9riel. Il s&rsquo;engage \u00e0 les restituer dans l&rsquo;\u00e9tat dans lesquels il les a lou\u00e9s, sans tenir compte de l&rsquo;usure normale.<br><\/p>\n\n\n\n<p><strong>ARTICLE 7 &#8211; PAIEMEN, MODE DE R\u00c8GLEMENT ET ANNULATION<\/strong><br>La prestation doit \u00eatre int\u00e9gralement r\u00e9gl\u00e9e par le Locataire au plus tard 8 jours avant la balade . Les modes de r\u00e8glement accept\u00e9s sont par ch\u00e8que, et virement bancaire, aucun esp\u00e8ce ne seront accepter.<\/p>\n\n\n\n<p>Conditions d\u2019annulations :<br>Les dispositions l\u00e9gales relatives \u00e0 la vente \u00e0 distance pr\u00e9vues dans le Code de la consommation pr\u00e9voient que le droit de r\u00e9tractation n&rsquo;est pas applicable aux prestations touristiques (article L121-20-4 de code de la consommation). Ainsi, pour toute commande de prestation de service effectu\u00e9e chez NOMAD\u2019e TROTT par DEFNET le client peut se r\u00e9tracter jusqu&rsquo;\u00e0 8 jours avant la date pr\u00e9vue. Pass\u00e9 ce d\u00e9lai, aucun remboursement de la prestation ne sera effectu\u00e9 sauf cas de force majeure avec justificatif ou certificat. Le loueur peut \u00e0 tout moment, annuler une r\u00e9servation en raison des conditions m\u00e9t\u00e9orologiques, d&rsquo;une non-aptitude \u00e0 l\u2019activit\u00e9 et du non-respect des consignes et conseils de s\u00e9curit\u00e9.<\/p>\n\n\n\n<p>En cas d\u2019annulation de la part de NOMAD&rsquo;e-TROTT par DEFNET, un autre cr\u00e9neau sera propos\u00e9 au locataire. Si refus ou impossibilit\u00e9 de la part du locataire, la totalit\u00e9 des versements effectu\u00e9s pour la balade sera rembours\u00e9e.<br><\/p>\n\n\n\n<p><strong>ARTICLE 8 &#8211; RESPONSABILIT\u00c9 CASSE ET VOL<\/strong><br>Le locataire d\u00e9gage le Loueur de toute responsabilit\u00e9 d\u00e9coulant de l&rsquo;utilisation du mat\u00e9riel. notamment en ce qui concerne les cons\u00e9quences corporelles, mat\u00e9rielles et immat\u00e9rielles des accidents de toutes natures. Le Locataire d\u00e9clare \u00eatre titulaire d&rsquo;une assurance personnelle en responsabilit\u00e9 civile qui garantit la responsabilit\u00e9 encourue \u00e0 l&rsquo;occasion de l&rsquo;utilisation du mat\u00e9riel tant par lui-m\u00eame et les personnes dont il a la garde. Le Locataire engage personnellement sa responsabilit\u00e9 pour les dommages, casses et le vol subis par le mat\u00e9riel. En cas de probl\u00e8mes techniques et\/ou de vol du mat\u00e9riel le Locataire devra imm\u00e9diatement contacter le Loueur aux coordonn\u00e9es suivantes: 0623814749. En cas de casse, le Locataire s&rsquo;engage \u00e0 restituer le mat\u00e9riel endommag\u00e9 et celui-ci devra \u00eatre reconnaissable et complet. Les dommages subis par le mat\u00e9riel seront factur\u00e9s au Locataire selon le tarif en vigueur par un professionnel habilit\u00e9. Il est strictement interdit au Locataire d&rsquo;intervenir sur le mat\u00e9riel en cas de panne. En cas de vol du mat\u00e9riel, le Locataire devra d\u00e9poser plainte aupr\u00e8s des autorit\u00e9s habilit\u00e9es et fournir une photocopie du d\u00e9p\u00f4t de plainte. Le mat\u00e9riel sera factur\u00e9 au Locataire sur la base de sa valeur d&rsquo;achat. En cas de vol par le Locataire, de d\u00e9tournement ou dommage quelconque r\u00e9sultant du non-respect des r\u00e8gles d&rsquo;utilisation ou de la r\u00e8glementation en vigueur, ou des termes et conditions du pr\u00e9sent contrat. le Loueur est habilit\u00e9 \u00e0 exercer un recours pour la totalit\u00e9 du pr\u00e9judice.<br><\/p>\n\n\n\n<p><strong>ARTICLE 9 &#8211; CAUTION, D\u00c9P\u00d4T ET GARANTIE<\/strong><br>Pour toute location, le Locataire versera une caution par empreinte de carte bancaire ou par ch\u00e8que, dont le montant est mentionn\u00e9 sur le contrat de location. Il laissera l&rsquo;original d&rsquo;une pi\u00e8ce d&rsquo;identit\u00e9 durant le temps de la location (carte nationale d&rsquo;identit\u00e9, passeport ou permis de conduire). Les photocopies ne seront pas accept\u00e9es &#8211; le nom de la carte bleue ou du ch\u00e8que et de la pi\u00e8ce d&rsquo;identit\u00e9 doivent concorder. Cette caution n&rsquo;est pas encaiss\u00e9e durant la dur\u00e9e de la location. A la restitution des mat\u00e9riels, la caution est restitu\u00e9e au Locataire, d\u00e9duction faite des \u00e9ventuels dommages pr\u00e9vus \u00e0 l&rsquo;article 8. De convention expresse, le d\u00e9p\u00f4t de garantie est attribu\u00e9 au Loueur en toute propri\u00e9t\u00e9 \u00e0 concurrence des sommes dues par le Locataire au Loueur dans le cas o\u00f9 le Locataire ne r\u00e8glerait pas \u00e0 son \u00e9ch\u00e9ance une quelconque somme due. Le Locataire autorise le Loueur \u00e0 pr\u00e9lever sur la caution les sommes dues :<\/p>\n\n\n\n<ul class=\"wp-block-list\">\n<li>en r\u00e9paration des d\u00e9gradations et vol dont les co\u00fbts sont fix\u00e9s \u00e0 l&rsquo;article 13<\/li>\n\n\n\n<li>\u00e0 titre d&rsquo;indemnisation pour restitution tardive des Mat\u00e9riels lou\u00e9s (p\u00e9nalit\u00e9 de retard pr\u00e9cis\u00e9e \u00e0 l&rsquo;article 10).<\/li>\n<\/ul>\n\n\n\n<p>Il est express\u00e9ment convenu que le montant de la caution ne saurait en aucun cas constituer une limite de garantie, le Loueur conservant, le cas \u00e9ch\u00e9ant, le droit de poursuivre le locataire \u00e0 l&rsquo;effet d&rsquo;obtenir l&rsquo;entier d\u00e9dommagement de son pr\u00e9judice.<br><\/p>\n\n\n\n<p><strong>ARTICLE 10 &#8211; RESTITUTION<\/strong><br>La restitution du mat\u00e9riel lou\u00e9 se fera \u00e0 la date et \u00e0 l&rsquo;horaire pr\u00e9vu au contrat. Si le Locataire souhaite prolonger la dur\u00e9e de la location, il doit en informer le Loueur et obtenir pr\u00e9alablement son accord. Le mat\u00e9riel doit \u00eatre restitu\u00e9 en \u00e9tat de fonctionnement. Le Loueur se r\u00e9serve le droit d&rsquo;appliquer le bar\u00e8me des r\u00e9parations et entretiens pr\u00e9cis\u00e9s \u00e0 l&rsquo;article 11. Pour des raisons de s\u00e9curit\u00e9 le Locataire s&rsquo;engage \u00e0 signaler au Loueur les chocs \u00e9ventuels subis par les casques.<\/p>\n\n\n\n<p>Batterie : 1500 \u20ac, cadre : sur devis, casque : 55 \u20ac, chargeur de batterie : sur devis, compteur display : 80 \u20ac, fourche : 400 \u20ac, frein : 30 \u20ac, gilet de s\u00e9curit\u00e9 : 10 \u20ac, poign\u00e9e guidon : 50 \u20ac, pneu : 61 \u20ac l&rsquo;unit\u00e9, roue AR : 600 \u20ac, roue AV : 600, acc\u00e9l\u00e9rateur : 20 \u20ac, remplacement de la Trottinette : 4650 \u20ac.<br><\/p>\n\n\n\n<p><strong>ARTICLE 11 &#8211; \u00c9VICTION DU LOUEUR<\/strong><br>Les accessoires livr\u00e9s avec les trottinettes ne doivent pas \u00eatre enlev\u00e9s ou modifi\u00e9s par le Locataire. Le mat\u00e9riel ne peut \u00eatre ni c\u00e9d\u00e9, ni remis en garantie. Le Locataire s&rsquo;engage d&rsquo;une fa\u00e7on g\u00e9n\u00e9rale \u00e0 ne consentir \u00e0 l&rsquo;\u00e9gard du mat\u00e9riel lou\u00e9 aucun droit, r\u00e9el ou autre, au profit de quiconque, susceptible de n&rsquo;affecter la jouissance ou d&rsquo;en limiter la disponibilit\u00e9 ou la pleine propri\u00e9t\u00e9 du Loueur.<br><\/p>\n\n\n\n<p><strong>ARTICLE 12 &#8211; JURIDICTIONS<\/strong><br>En cas de contestation quelconque relative au pr\u00e9sent contrat. le Tribunal comp\u00e9tent sera celui du si\u00e8ge social de l&rsquo;entreprise du Loueur auquel les parties attribuent une comp\u00e9tence exclusive.<\/p>\n\n\n\n<p><\/p>\n<\/div>\n","protected":false},"excerpt":{"rendered":"<p>CONDITIONS G\u00c9N\u00c9RALES DE LOCATION de CONDITIONS G\u00c9N\u00c9RALES DE LOCATION DE TROTTINETTES \u00c9LECTRIQUES TOUT TERRAIN ARTICLE 1 &#8211; OBJET DU CONTRATNOMAD e TROTT by DEFNET ci-apr\u00e8s d\u00e9nomm\u00e9 \u00ab le loueur\u00bb met \u00e0 disposition de sa client\u00e8le (ci-apr\u00e8s d\u00e9nomm\u00e9 \u00ab le locataire \u00bb) des trottinettes \u00e9lectriques tout-terrain et des \u00e9quipements associ\u00e9s (ci-apr\u00e8s d\u00e9nomm\u00e9 \u00ab mat\u00e9riel \u00bb] selon [&hellip;]<\/p>\n","protected":false},"author":1,"featured_media":0,"parent":0,"menu_order":0,"comment_status":"closed","ping_status":"closed","template":"","meta":{"footnotes":""},"class_list":["post-52","page","type-page","status-publish","hentry"],"_links":{"self":[{"href":"https:\/\/nomadetrott.fr\/wp_trott\/index.php\/wp-json\/wp\/v2\/pages\/52","targetHints":{"allow":["GET"]}}],"collection":[{"href":"https:\/\/nomadetrott.fr\/wp_trott\/index.php\/wp-json\/wp\/v2\/pages"}],"about":[{"href":"https:\/\/nomadetrott.fr\/wp_trott\/index.php\/wp-json\/wp\/v2\/types\/page"}],"author":[{"embeddable":true,"href":"https:\/\/nomadetrott.fr\/wp_trott\/index.php\/wp-json\/wp\/v2\/users\/1"}],"replies":[{"embeddable":true,"href":"https:\/\/nomadetrott.fr\/wp_trott\/index.php\/wp-json\/wp\/v2\/comments?post=52"}],"version-history":[{"count":5,"href":"https:\/\/nomadetrott.fr\/wp_trott\/index.php\/wp-json\/wp\/v2\/pages\/52\/revisions"}],"predecessor-version":[{"id":718,"href":"https:\/\/nomadetrott.fr\/wp_trott\/index.php\/wp-json\/wp\/v2\/pages\/52\/revisions\/718"}],"wp:attachment":[{"href":"https:\/\/nomadetrott.fr\/wp_trott\/index.php\/wp-json\/wp\/v2\/media?parent=52"}],"curies":[{"name":"wp","href":"https:\/\/api.w.org\/{rel}","templated":true}]}}