{"id":59,"date":"2024-10-23T12:33:13","date_gmt":"2024-10-23T10:33:13","guid":{"rendered":"http:\/\/nomadetrott.fr\/wp_trott\/?page_id=59"},"modified":"2024-11-29T07:51:35","modified_gmt":"2024-11-29T06:51:35","slug":"mentions-legales","status":"publish","type":"page","link":"https:\/\/nomadetrott.fr\/wp_trott\/index.php\/mentions-legales\/","title":{"rendered":"Mentions l\u00e9gales"},"content":{"rendered":"\n<div class=\"wp-block-group alignwide has-global-padding is-layout-constrained wp-block-group-is-layout-constrained\">\n<p class=\"has-accent-4-background-color has-background\">IDENTIFICATION<br>\u2022 Raison sociale : DEFNET SARL &#8211; NOMAD&rsquo;E-TROTT<br>\u2022 2a chemin des carolles 31330 ONDES<br>\u2022 BEROS Alain et V\u00e9ronique<br>\u2022 05 61 82 52 62 &#8211; contact@nomadetrott.fr<br>\u2022 SIRET : 44159019700014<br>\u2022 N\u00b0 TVA intracommunautaire : FR87441590197<br>\u2022 Montant du Capital Social.<\/p>\n\n\n\n<p class=\"has-accent-4-background-color has-background\">MENTIONS L\u00c9GALES<br>Conform\u00e9ment aux dispositions des Articles 6-III et 19 de la Loi n\u00b02004-575 du 21 juin 2004 pour la Confiance dans l\u2019\u00e9conomie num\u00e9rique, dite L.C.E.N., il est port\u00e9 \u00e0 la connaissance des utilisateurs et visiteurs, ci-apr\u00e8s \u00ab\u00a0l&rsquo;Utilisateur\u00a0\u00bb, du site https:\/\/nomadetrott.fr , ci-apr\u00e8s le \u00ab\u00a0Site\u00a0\u00bb, les pr\u00e9sentes mentions l\u00e9gales.<\/p>\n\n\n\n<p class=\"has-accent-4-background-color has-background\">La connexion et la navigation sur le Site par l\u2019Utilisateur implique acceptation int\u00e9grale et sans r\u00e9serve des pr\u00e9sentes mentions l\u00e9gales.<\/p>\n\n\n\n<p class=\"has-accent-4-background-color has-background\">Ces derni\u00e8res sont accessibles sur le Site \u00e0 la rubrique \u00ab Mentions l\u00e9gales \u00bb.<\/p>\n\n\n\n<p class=\"has-accent-4-background-color has-background\">ARTICLE 1 &#8211; L\u2019\u00c9DITEUR<br>L\u2019\u00e9dition et la direction de la publication du Site est assur\u00e9e par Alain B\u00e9ros, domicili\u00e9e 2a chemin des carolles 31330 ONDES, dont le num\u00e9ro de t\u00e9l\u00e9phone est 0623814749, et l&rsquo;adresse e-mail alain@nomadetrott.fr.<\/p>\n\n\n\n<p class=\"has-accent-4-background-color has-background\">La personne est assujettie au Registre du Commerce et des Soci\u00e9t\u00e9s de ONDES sous le num\u00e9ro 44159019700014.<br>Le num\u00e9ro de TVA intracommunautaire est FR87441590197.<br>ci-apr\u00e8s l\u2019\u00c9diteur\u00a0\u00bb.<\/p>\n\n\n\n<p class=\"has-accent-4-background-color has-background\">ARTICLE 2 &#8211; L\u2019H\u00c9BERGEUR<br>L&rsquo;h\u00e9bergeur du Site est la soci\u00e9t\u00e9 <a href=\"https:\/\/affiliation.lws-hosting.com\/statistics\/click\/388\/1022079460\">LWS<\/a> (<em>www.lws.fr &#8211; Ligne Web Services<\/em>)<br>SAS au capital de 500 000 Euros<br>10, RUE PENTHI\u00c8VRE 75008 PARIS &#8211; FRANCE <br>RCS Paris B 851 993 683 00024 &#8211; APE 6311Z<br>TVA intra: FR21 851 993 683 SIRET 85199368300024<\/p>\n\n\n\n<p class=\"has-accent-4-background-color has-background\">ARTICLE 3 &#8211; ACC\u00c8S AU SITE<br>Le Site est accessible en tout endroit, 7j\/7, 24h\/24 sauf cas de force majeure, interruption programm\u00e9e ou non et pouvant d\u00e9coulant d\u2019une n\u00e9cessit\u00e9 de maintenance.<\/p>\n\n\n\n<p class=\"has-accent-4-background-color has-background\">En cas de modification, interruption ou suspension du Site, l&rsquo;Editeur ne saurait \u00eatre tenu responsable.<\/p>\n\n\n\n<p class=\"has-accent-4-background-color has-background\">ARTICLE 4 &#8211; COLLECTE DES DONN\u00c9ES<br>Le site est exempt\u00e9 de d\u00e9claration \u00e0 la Commission Nationale Informatique et Libert\u00e9s (CNIL) dans la mesure o\u00f9 il ne collecte aucune donn\u00e9e concernant les utilisateurs.<\/p>\n\n\n\n<p class=\"has-accent-4-background-color has-background\">Toute utilisation, reproduction, diffusion, commercialisation, modification de toute ou partie du Site, sans autorisation de l\u2019\u00c9diteur est prohib\u00e9e et pourra entra\u00een\u00e9e des actions et poursuites judiciaires telles que notamment pr\u00e9vues par le Code de la propri\u00e9t\u00e9 intellectuelle et le Code civil.<\/p>\n\n\n\n<p><\/p>\n<\/div>\n","protected":false},"excerpt":{"rendered":"<p>IDENTIFICATION\u2022 Raison sociale : DEFNET SARL &#8211; NOMAD&rsquo;E-TROTT\u2022 2a chemin des carolles 31330 ONDES\u2022 BEROS Alain et V\u00e9ronique\u2022 05 61 82 52 62 &#8211; contact@nomadetrott.fr\u2022 SIRET : 44159019700014\u2022 N\u00b0 TVA intracommunautaire : FR87441590197\u2022 Montant du Capital Social. MENTIONS L\u00c9GALESConform\u00e9ment aux dispositions des Articles 6-III et 19 de la Loi n\u00b02004-575 du 21 juin 2004 pour [&hellip;]<\/p>\n","protected":false},"author":1,"featured_media":0,"parent":0,"menu_order":0,"comment_status":"closed","ping_status":"closed","template":"","meta":{"footnotes":""},"class_list":["post-59","page","type-page","status-publish","hentry"],"_links":{"self":[{"href":"https:\/\/nomadetrott.fr\/wp_trott\/index.php\/wp-json\/wp\/v2\/pages\/59","targetHints":{"allow":["GET"]}}],"collection":[{"href":"https:\/\/nomadetrott.fr\/wp_trott\/index.php\/wp-json\/wp\/v2\/pages"}],"about":[{"href":"https:\/\/nomadetrott.fr\/wp_trott\/index.php\/wp-json\/wp\/v2\/types\/page"}],"author":[{"embeddable":true,"href":"https:\/\/nomadetrott.fr\/wp_trott\/index.php\/wp-json\/wp\/v2\/users\/1"}],"replies":[{"embeddable":true,"href":"https:\/\/nomadetrott.fr\/wp_trott\/index.php\/wp-json\/wp\/v2\/comments?post=59"}],"version-history":[{"count":11,"href":"https:\/\/nomadetrott.fr\/wp_trott\/index.php\/wp-json\/wp\/v2\/pages\/59\/revisions"}],"predecessor-version":[{"id":715,"href":"https:\/\/nomadetrott.fr\/wp_trott\/index.php\/wp-json\/wp\/v2\/pages\/59\/revisions\/715"}],"wp:attachment":[{"href":"https:\/\/nomadetrott.fr\/wp_trott\/index.php\/wp-json\/wp\/v2\/media?parent=59"}],"curies":[{"name":"wp","href":"https:\/\/api.w.org\/{rel}","templated":true}]}}