{"id":7,"date":"2024-10-23T09:08:12","date_gmt":"2024-10-23T07:08:12","guid":{"rendered":"http:\/\/nomadetrott.fr\/wp_trott\/?page_id=7"},"modified":"2024-12-11T20:05:59","modified_gmt":"2024-12-11T19:05:59","slug":"en-route-avec-nomad-e-trott","status":"publish","type":"page","link":"https:\/\/nomadetrott.fr\/wp_trott\/index.php\/en-route-avec-nomad-e-trott\/","title":{"rendered":"NOMADeTROTT, QU&rsquo;ES AQU\u00d2 ?"},"content":{"rendered":"\n<h2 class=\"wp-block-heading has-base-color has-accent-4-background-color has-text-color has-background has-link-color has-large-font-size wp-elements-b3fa7c81177ff1b358d18710a9be66f7\">EN ROUTE AVEC NOMAD&rsquo;eTROTT<\/h2>\n\n\n\n<p class=\"has-accent-4-background-color has-background\">La mobilit\u00e9 douce au service du plaisir, avec des balades en trottinettes \u00e9lectriques tout terrain, sans bruit, ni pollution. Accompagn\u00e9s d&rsquo;un guide certifi\u00e9, traversez les chemins, les vignes et les bois qui nous entourent \u00e0 la d\u00e9couverte de notre patrimoine local et \u00e0 la rencontre de nos producteurs locaux.<\/p>\n\n\n\n<figure class=\"wp-block-video\"><video height=\"848\" style=\"aspect-ratio: 464 \/ 848;\" width=\"464\" controls src=\"https:\/\/nomadetrott.fr\/wp_trott\/wp-content\/uploads\/2024\/12\/video_nomadtrott.mp4\"><\/video><\/figure>\n\n\n\n<p>\/<\/p>\n\n\n\n<h2 class=\"wp-block-heading has-base-color has-accent-4-background-color has-text-color has-background has-link-color has-large-font-size wp-elements-8e8aabe2a1eeef467942510645b9fff5\">QUI PEUT FAIRE DE LA TROTTINETTE ?<\/h2>\n\n\n\n<p class=\"has-accent-4-background-color has-background\">Cette activit\u00e9 s&rsquo;adresse \u00e0 tout public \u00e0 partir de 14 ans. Amateurs ou connaisseurs, tout le monde peut pratiquer cette activit\u00e9. Les mineurs doivent cependant \u00eatre accompagn\u00e9s d&rsquo;un adulte. La trottinette \u00e9lectrique est d\u00e9conseill\u00e9e aux personnes pr\u00e9sentant des fragilit\u00e9s au niveau du dos ou des os, et est formellement interdite aux femmes enceintes.<\/p>\n\n\n\n<h2 class=\"wp-block-heading has-base-color has-accent-4-background-color has-text-color has-background has-link-color has-large-font-size wp-elements-d16139d78e00fa6726e1a0cc165f5b86\">COMMENT \u00c7A SE PASSE &nbsp;?<\/h2>\n\n\n\n<p class=\"has-accent-4-background-color has-background\">Avant le d\u00e9part, une initiation test sera effectu\u00e9e pour partir en toute s\u00e9curit\u00e9. Nous nous r\u00e9servons cependant le droit de refuser toutes personnes n&rsquo;ayant pas la tenue recommand\u00e9e pour cette activit\u00e9 ou rencontrant une difficult\u00e9 particuli\u00e8re lors de l&rsquo;initiation.<br>Pour chaque balade il faut \u00eatre v\u00eatu d&rsquo;un t-shirt \u00e0 manche longue, d&rsquo;un pantalon et de chaussures ferm\u00e9es. Le casque est obligatoire et vous sera fourni sur place.&nbsp;<\/p>\n\n\n\n<p><\/p>\n","protected":false},"excerpt":{"rendered":"<p>EN ROUTE AVEC NOMAD&rsquo;eTROTT La mobilit\u00e9 douce au service du plaisir, avec des balades en trottinettes \u00e9lectriques tout terrain, sans bruit, ni pollution. Accompagn\u00e9s d&rsquo;un guide certifi\u00e9, traversez les chemins, les vignes et les bois qui nous entourent \u00e0 la d\u00e9couverte de notre patrimoine local et \u00e0 la rencontre de nos producteurs locaux. \/ QUI [&hellip;]<\/p>\n","protected":false},"author":1,"featured_media":0,"parent":0,"menu_order":0,"comment_status":"closed","ping_status":"closed","template":"","meta":{"footnotes":""},"class_list":["post-7","page","type-page","status-publish","hentry"],"_links":{"self":[{"href":"https:\/\/nomadetrott.fr\/wp_trott\/index.php\/wp-json\/wp\/v2\/pages\/7","targetHints":{"allow":["GET"]}}],"collection":[{"href":"https:\/\/nomadetrott.fr\/wp_trott\/index.php\/wp-json\/wp\/v2\/pages"}],"about":[{"href":"https:\/\/nomadetrott.fr\/wp_trott\/index.php\/wp-json\/wp\/v2\/types\/page"}],"author":[{"embeddable":true,"href":"https:\/\/nomadetrott.fr\/wp_trott\/index.php\/wp-json\/wp\/v2\/users\/1"}],"replies":[{"embeddable":true,"href":"https:\/\/nomadetrott.fr\/wp_trott\/index.php\/wp-json\/wp\/v2\/comments?post=7"}],"version-history":[{"count":15,"href":"https:\/\/nomadetrott.fr\/wp_trott\/index.php\/wp-json\/wp\/v2\/pages\/7\/revisions"}],"predecessor-version":[{"id":737,"href":"https:\/\/nomadetrott.fr\/wp_trott\/index.php\/wp-json\/wp\/v2\/pages\/7\/revisions\/737"}],"wp:attachment":[{"href":"https:\/\/nomadetrott.fr\/wp_trott\/index.php\/wp-json\/wp\/v2\/media?parent=7"}],"curies":[{"name":"wp","href":"https:\/\/api.w.org\/{rel}","templated":true}]}}